{"id":2,"date":"2023-09-28T09:32:18","date_gmt":"2023-09-28T07:32:18","guid":{"rendered":"http:\/\/j2r.alsace\/?page_id=2"},"modified":"2024-01-28T18:05:46","modified_gmt":"2024-01-28T17:05:46","slug":"secteur-geographique","status":"publish","type":"page","link":"https:\/\/j2r.alsace\/index.php\/secteur-geographique\/","title":{"rendered":"Secteur g\u00e9ographique"},"content":{"rendered":"\n<p class=\"has-text-align-left\">Je rayonne depuis l&rsquo;Alsace, et exerce principalement dans les d\u00e9partements du Grand Est, au sens large du terme: <\/p>\n\n\n\n<p class=\"has-text-align-left\">En premier lieu les r\u00e9gions Grand-Est et Bourgogne &#8211; Franche-Comt\u00e9.<\/p>\n\n\n\n<p class=\"has-text-align-left\">En fonction de la taille du projet, et\/ou de sa r\u00e9currence, je suis en mesure de couvrir l&rsquo;ensemble de la France. <\/p>\n\n\n\n<p class=\"has-text-align-left\">Je sais \u00e9tudier toute proposition, si elle peut me permettre d&rsquo;apporter une r\u00e9ponse pertinente \u00e0 mes clients.<\/p>\n\n\n\n<figure class=\"wp-block-image size-large\"><img loading=\"lazy\" decoding=\"async\" width=\"1024\" height=\"1024\" src=\"https:\/\/j2r.alsace\/wp-content\/uploads\/2023\/12\/Carte-de-France-J2R-copie-1024x1024.jpg\" alt=\"\" class=\"wp-image-58\" srcset=\"https:\/\/j2r.alsace\/wp-content\/uploads\/2023\/12\/Carte-de-France-J2R-copie-1024x1024.jpg 1024w, https:\/\/j2r.alsace\/wp-content\/uploads\/2023\/12\/Carte-de-France-J2R-copie-300x300.jpg 300w, https:\/\/j2r.alsace\/wp-content\/uploads\/2023\/12\/Carte-de-France-J2R-copie-150x150.jpg 150w, https:\/\/j2r.alsace\/wp-content\/uploads\/2023\/12\/Carte-de-France-J2R-copie-768x768.jpg 768w, https:\/\/j2r.alsace\/wp-content\/uploads\/2023\/12\/Carte-de-France-J2R-copie.jpg 1077w\" sizes=\"auto, (max-width: 1024px) 100vw, 1024px\" \/><\/figure>\n\n\n\n<p><\/p>\n","protected":false},"excerpt":{"rendered":"<p>Je rayonne depuis l&rsquo;Alsace, et exerce principalement dans les d\u00e9partements du Grand Est, au sens large du terme: En premier lieu les r\u00e9gions Grand-Est et Bourgogne &#8211; Franche-Comt\u00e9. En fonction de la taille du projet, et\/ou de sa r\u00e9currence, je suis en mesure de couvrir l&rsquo;ensemble de la France. Je sais \u00e9tudier toute proposition, si [&hellip;]<\/p>\n","protected":false},"author":1,"featured_media":0,"parent":0,"menu_order":0,"comment_status":"closed","ping_status":"closed","template":"","meta":{"footnotes":""},"class_list":["post-2","page","type-page","status-publish","hentry"],"_links":{"self":[{"href":"https:\/\/j2r.alsace\/index.php\/wp-json\/wp\/v2\/pages\/2","targetHints":{"allow":["GET"]}}],"collection":[{"href":"https:\/\/j2r.alsace\/index.php\/wp-json\/wp\/v2\/pages"}],"about":[{"href":"https:\/\/j2r.alsace\/index.php\/wp-json\/wp\/v2\/types\/page"}],"author":[{"embeddable":true,"href":"https:\/\/j2r.alsace\/index.php\/wp-json\/wp\/v2\/users\/1"}],"replies":[{"embeddable":true,"href":"https:\/\/j2r.alsace\/index.php\/wp-json\/wp\/v2\/comments?post=2"}],"version-history":[{"count":10,"href":"https:\/\/j2r.alsace\/index.php\/wp-json\/wp\/v2\/pages\/2\/revisions"}],"predecessor-version":[{"id":93,"href":"https:\/\/j2r.alsace\/index.php\/wp-json\/wp\/v2\/pages\/2\/revisions\/93"}],"wp:attachment":[{"href":"https:\/\/j2r.alsace\/index.php\/wp-json\/wp\/v2\/media?parent=2"}],"curies":[{"name":"wp","href":"https:\/\/api.w.org\/{rel}","templated":true}]}}