{"id":3,"date":"2023-09-28T09:32:18","date_gmt":"2023-09-28T07:32:18","guid":{"rendered":"http:\/\/j2r.alsace\/?page_id=3"},"modified":"2024-01-28T18:21:47","modified_gmt":"2024-01-28T17:21:47","slug":"politique-de-confidentialite","status":"publish","type":"page","link":"https:\/\/j2r.alsace\/index.php\/politique-de-confidentialite\/","title":{"rendered":"Mentions l\u00e9gales"},"content":{"rendered":"\n<p>L\u2019adresse du site est\u00a0: https:\/\/j2r.alsace.<\/p>\n\n\n\n<h2 class=\"wp-block-heading\">Coordonn\u00e9es J2R sarl:<\/h2>\n\n\n\n<p><strong class=\"privacy-policy-tutorial\">Si\u00e8ge social&nbsp;: <\/strong>8, Rue de la fourmi &#8211; 68200 Mulhouse.<\/p>\n\n\n\n<p>G\u00e9rant: M. Jean-Roch ROBINE<\/p>\n\n\n\n<p>s.a.r.l. au capital de 1000\u20ac <\/p>\n\n\n\n<p>Contact: robine@j2r.alsace <\/p>\n\n\n\n<p>T\u00e9l\u00e9phone: 06.83.82.98.72<\/p>\n\n\n\n<p>RCS: en cours<\/p>\n\n\n\n<p>Siret: 982 148 322 00018<\/p>\n\n\n\n<p>N\u00b0 TVA intracommunautaire : FR41982148322<\/p>\n\n\n\n<p>Responsable de la r\u00e9daction du site: Jean-Roch ROBINE<\/p>\n\n\n\n<h2 class=\"wp-block-heading\">H\u00e9bergement:<\/h2>\n\n\n\n<p>Le site est h\u00e9berg\u00e9 chez OVH :<\/p>\n\n\n\n<p>SAS au capital de 10 174 560 \u20ac<\/p>\n\n\n\n<p>RCS Lille M\u00e9tropole 424 761 419 00045<br>Code APE 2620Z<br>N\u00b0 TVA : FR 22 424 761 419<br>Si\u00e8ge social : 2 rue Kellermann &#8211; 59100 Roubaix &#8211; France<\/p>\n\n\n\n<p>contact OVH:  <a href=\"https:\/\/www.ovhcloud.com\/fr\/contact\/\" data-type=\"link\" data-id=\"https:\/\/www.ovhcloud.com\/fr\/contact\/\">https:\/\/www.ovhcloud.com\/fr\/contact\/<\/a><\/p>\n\n\n\n<p>OVH SAS est une filiale de la soci\u00e9t\u00e9 OVH Groupe SA, soci\u00e9t\u00e9 immatricul\u00e9e au RCS de Lille sous le num\u00e9ro 537 407 926 sise 2, rue Kellermann, 59100 Roubaix.<\/p>\n\n\n\n<h2 class=\"wp-block-heading\" id=\"h.p_ID_75_l\">Coordonn\u00e9es de l&rsquo;entreprise<\/h2>\n\n\n\n<p id=\"h.p_ID_79\">D\u00e9nomination sociale : <strong>J2R sarl<\/strong><\/p>\n\n\n\n<p id=\"h.p_ID_81\">Nom du g\u00e9rant : <strong>Jean-Roch ROBINE<\/strong><\/p>\n\n\n\n<p id=\"h.p_ID_83\">Adresse : <strong>8, Rue de la Fourmi &#8211; 68200 Mulhouse<\/strong><\/p>\n\n\n\n<p id=\"h.p_ID_85\">Email : <strong>robine@j2r.alsace<\/strong><\/p>\n\n\n\n<p id=\"h.p_ID_87\">T\u00e9l\u00e9phone : 06.83.82.98.72<\/p>\n\n\n\n<h2 class=\"wp-block-heading\" id=\"h.p_ID_89_l\"><a href=\"http:\/\/www.google.com\/url?q=http%3A%2F%2Fwww.infogreffe.fr%2Finfogreffe%2Findex.jsp&amp;sa=D&amp;sntz=1&amp;usg=AOvVaw1ANtjUbJLpsAGo59ooASD_\" target=\"_blank\" rel=\"noreferrer noopener\">Renseignements juridiques<\/a><\/h2>\n\n\n\n<p id=\"h.p_ID_91\">Forme juridique : sarl<\/p>\n\n\n\n<p id=\"h.p_ID_93\">Capital social : 1 000,00 \u20ac<\/p>\n\n\n\n<p id=\"h.p_ID_95\">N\u00b0 RCS : en cours<\/p>\n\n\n\n<p id=\"h.p_ID_97\">N\u00b0 SIRET : 982 148 322 00018<\/p>\n\n\n\n<p id=\"h.p_ID_99\">Tribunal comp\u00e9tent : Tribunal de Mulhouse<\/p>\n\n\n\n<p id=\"h.p_ID_101\">Code APE : 7111Z<\/p>\n\n\n\n<p id=\"h.p_ID_103\">TVA intracommunautaire n\u00b0 FR41982148322<\/p>\n\n\n\n<h2 class=\"wp-block-heading\" id=\"h.p_ID_105_l\"><a href=\"http:\/\/www.google.com\/url?q=http%3A%2F%2Fwww.apce.com%2Fpid803%2Factivites-reglementees.html&amp;sa=D&amp;sntz=1&amp;usg=AOvVaw0pgYWyPQgRQBM73dtjikFK\" target=\"_blank\" rel=\"noreferrer noopener\">Dispositions particuli\u00e8res<\/a><\/h2>\n\n\n\n<p id=\"h.p_ID_113\">Gestion du site : Jean-Roch ROBINE<\/p>\n\n\n\n<p id=\"h.p_ID_115\">Enregistrement du nom de domaine : OVH<\/p>\n\n\n\n<p id=\"h.p_ID_117\">H\u00e9bergement : OVH<\/p>\n\n\n\n<p id=\"h.p_ID_119\">Webmestre : Jean-Roch ROBINE<\/p>\n\n\n\n<h2 class=\"wp-block-heading\" id=\"h.p_FsOmjAaT8WNM_l\">Propri\u00e9t\u00e9 intellectuelle<\/h2>\n\n\n\n<p id=\"h.p_2j7Z4u2TG329\">Conform\u00e9ment \u00e0 l\u2019article L122-4 du Code de la propri\u00e9t\u00e9 intellectuelle toute repr\u00e9sentation int\u00e9grale ou partielle faite sans le consentement de l\u2019auteur ou de ses ayants droits est illicite. Il en va de m\u00eame pour la traduction, l\u2019adaptation ou la transformation, l\u2019arrangement ou la reproduction par un art ou un proc\u00e9d\u00e9 quelconque. Les d\u00e9nominations ou appellations, les logos et visuels, les photos, sont la propri\u00e9t\u00e9 exclusive de leurs propri\u00e9taires respectifs.<\/p>\n\n\n\n<h2 class=\"wp-block-heading\" id=\"h.p_bOWwGyXLG32-_l\">R\u00e8glement g\u00e9n\u00e9ral sur la protection des donn\u00e9es (RGPD)<\/h2>\n\n\n\n<p id=\"h.p_O4uoj9sjG33B\">Les informations recueillies \u00e0 l\u2019aide de ce site sont \u00e0 destination exclusive de mon entreprise et elles ne seront en aucune fa\u00e7on communiqu\u00e9es \u00e0 des tiers. Conform\u00e9ment aux dispositions de la loi, vous disposez d\u2019un droit d\u2019acc\u00e8s, de modification, de rectification et de suppression des donn\u00e9es vous concernant.<\/p>\n","protected":false},"excerpt":{"rendered":"<p>L\u2019adresse du site est\u00a0: https:\/\/j2r.alsace. Coordonn\u00e9es J2R sarl: Si\u00e8ge social&nbsp;: 8, Rue de la fourmi &#8211; 68200 Mulhouse. G\u00e9rant: M. Jean-Roch ROBINE s.a.r.l. au capital de 1000\u20ac Contact: robine@j2r.alsace T\u00e9l\u00e9phone: 06.83.82.98.72 RCS: en cours Siret: 982 148 322 00018 N\u00b0 TVA intracommunautaire : FR41982148322 Responsable de la r\u00e9daction du site: Jean-Roch ROBINE H\u00e9bergement: Le site [&hellip;]<\/p>\n","protected":false},"author":1,"featured_media":0,"parent":0,"menu_order":0,"comment_status":"closed","ping_status":"open","template":"","meta":{"footnotes":""},"class_list":["post-3","page","type-page","status-publish","hentry"],"_links":{"self":[{"href":"https:\/\/j2r.alsace\/index.php\/wp-json\/wp\/v2\/pages\/3","targetHints":{"allow":["GET"]}}],"collection":[{"href":"https:\/\/j2r.alsace\/index.php\/wp-json\/wp\/v2\/pages"}],"about":[{"href":"https:\/\/j2r.alsace\/index.php\/wp-json\/wp\/v2\/types\/page"}],"author":[{"embeddable":true,"href":"https:\/\/j2r.alsace\/index.php\/wp-json\/wp\/v2\/users\/1"}],"replies":[{"embeddable":true,"href":"https:\/\/j2r.alsace\/index.php\/wp-json\/wp\/v2\/comments?post=3"}],"version-history":[{"count":3,"href":"https:\/\/j2r.alsace\/index.php\/wp-json\/wp\/v2\/pages\/3\/revisions"}],"predecessor-version":[{"id":96,"href":"https:\/\/j2r.alsace\/index.php\/wp-json\/wp\/v2\/pages\/3\/revisions\/96"}],"wp:attachment":[{"href":"https:\/\/j2r.alsace\/index.php\/wp-json\/wp\/v2\/media?parent=3"}],"curies":[{"name":"wp","href":"https:\/\/api.w.org\/{rel}","templated":true}]}}