{"id":51,"date":"2023-12-26T15:27:48","date_gmt":"2023-12-26T14:27:48","guid":{"rendered":"https:\/\/j2r.alsace\/?page_id=51"},"modified":"2024-01-28T18:18:21","modified_gmt":"2024-01-28T17:18:21","slug":"moyens-techniques","status":"publish","type":"page","link":"https:\/\/j2r.alsace\/index.php\/moyens-techniques\/","title":{"rendered":"Moyens techniques"},"content":{"rendered":"\n<p><\/p>\n\n\n\n<p><\/p>\n\n\n\n<p>Moyens techniques mat\u00e9riels:<\/p>\n\n\n\n<ul class=\"wp-block-list\">\n<li>iMac Pro <\/li>\n\n\n\n<li>MacBook Pro + \u00e9cran secondaire<\/li>\n\n\n\n<li>Traceur Canon 36&prime;<\/li>\n\n\n\n<li>Ipad Pro<\/li>\n\n\n\n<li>&#8230; et tout le mat\u00e9riel pour les relev\u00e9s: t\u00e9l\u00e9m\u00e8tre, niveau laser, etc&#8230;<\/li>\n<\/ul>\n\n\n\n<p>Moyens techniques logiciels:<\/p>\n\n\n\n<ul class=\"wp-block-list\">\n<li>Logiciel de dessin : Vectorworks<\/li>\n\n\n\n<li>bureautique: Numbers, Pages, Keynotes, Excel, Word, PowerPoint<\/li>\n\n\n\n<li>En pr\u00e9paration: BimOffice.<\/li>\n<\/ul>\n\n\n\n<p><\/p>\n","protected":false},"excerpt":{"rendered":"<p>Moyens techniques mat\u00e9riels: Moyens techniques logiciels:<\/p>\n","protected":false},"author":1,"featured_media":0,"parent":0,"menu_order":0,"comment_status":"closed","ping_status":"closed","template":"","meta":{"footnotes":""},"class_list":["post-51","page","type-page","status-publish","hentry"],"_links":{"self":[{"href":"https:\/\/j2r.alsace\/index.php\/wp-json\/wp\/v2\/pages\/51","targetHints":{"allow":["GET"]}}],"collection":[{"href":"https:\/\/j2r.alsace\/index.php\/wp-json\/wp\/v2\/pages"}],"about":[{"href":"https:\/\/j2r.alsace\/index.php\/wp-json\/wp\/v2\/types\/page"}],"author":[{"embeddable":true,"href":"https:\/\/j2r.alsace\/index.php\/wp-json\/wp\/v2\/users\/1"}],"replies":[{"embeddable":true,"href":"https:\/\/j2r.alsace\/index.php\/wp-json\/wp\/v2\/comments?post=51"}],"version-history":[{"count":6,"href":"https:\/\/j2r.alsace\/index.php\/wp-json\/wp\/v2\/pages\/51\/revisions"}],"predecessor-version":[{"id":84,"href":"https:\/\/j2r.alsace\/index.php\/wp-json\/wp\/v2\/pages\/51\/revisions\/84"}],"wp:attachment":[{"href":"https:\/\/j2r.alsace\/index.php\/wp-json\/wp\/v2\/media?parent=51"}],"curies":[{"name":"wp","href":"https:\/\/api.w.org\/{rel}","templated":true}]}}